{"id":116,"date":"2025-02-05T23:27:15","date_gmt":"2025-02-05T23:27:15","guid":{"rendered":"https:\/\/www.contego.ro\/?page_id=116"},"modified":"2025-02-12T14:10:49","modified_gmt":"2025-02-12T14:10:49","slug":"contact","status":"publish","type":"page","link":"https:\/\/www.contego.ro\/index.php\/contact\/","title":{"rendered":"Contact"},"content":{"rendered":"\n<section id=\"section-97baead5-bb09-4800-a96d-ec075c299047\" class=\"wp-block-gutentor-about-block gutentor-section gutentor-about about-template4\"><div class=\"grid-container\"><div class=\"gutentor-grid-item-wrap\"><div class=\"gutentor-single-item\"><div class=\"grid-row\"><div class=\"grid-md-6 about-grid\"><div class=\"gutentor-single-item-content\"><div class=\"gutentor-about-content\"><h3 class=\"gutentor-single-item-title\"><br><br>Echipa CONTEGO este la dispozi\u021bia ta<\/h3><p class=\"gutentor-single-item-desc\"><br><strong>Contacteaz\u0103 echipa noastr\u0103 de v\u00e2nz\u00e2ri pentru orice informa\u021bie despre produsele \u0219i serviciile noastre, pentru sugestii sau \u00eentreb\u0103ri despre structurile modulare de la CONTEGO.<br><\/strong><br><strong>Suntem \u00eenc\u00e2nta\u021bi s\u0103 realiz\u0103m \u00eempreun\u0103 proiecte care <\/strong><strong>s\u0103-\u021bi aduc\u0103 aprecieri, din partea clien\u021bilor \u0219i a partenerilor t\u0103i de business.<\/strong><\/p><a class=\"gutentor-button gutentor-single-item-button gutentor-icon-before 18\" href=\"contact@contego.ro\"><i class=\"gutentor-button-icon fas fa-history\"><\/i><span>Activi 24\/7 <\/span><\/a><\/div><\/div><\/div><div class=\"grid-md-6 about-grid\"><div class=\"gutentor-single-item-image-box\"><div class=\"gutentor-image-thumb\"><img loading=\"lazy\" decoding=\"async\" class=\"normal-image\" src=\"https:\/\/www.contego.ro\/wp-content\/uploads\/2025\/02\/digital-scaled.jpg\" alt=\"\" height=\"2502\" width=\"2560\"\/><\/div><\/div><\/div><\/div><\/div><\/div><\/div><\/section>\n\n\n\n<section id=\"section-752d045b-b2f1-48c7-952c-d99fc208f31b\" class=\"wp-block-gutentor-icon-box gutentor-section gutentor-icon-wrapper icon-template2\"><div class=\"grid-container\"><div class=\"grid-row gutentor-grid-item-wrap\"><div class=\"gutentor-grid-column grid-lg-4 grid-md-4 grid-12\"><div class=\"gutentor-single-item gutentor-icon gutentor-single-item-0\"><div class=\"gutentor-single-item-wrap\"><div class=\"gutentor-single-item-icon-box\"><i class=\"far fa-map\"><\/i><\/div><div class=\"gutentor-single-item-content\"><h3 class=\"gutentor-single-item-title\">Location<\/h3><p class=\"gutentor-single-item-desc\"> Bd Regina Elisabeta 54<br> &#8211; Bucuresti &#8211; Romania<\/p><\/div><\/div><\/div><\/div><div class=\"gutentor-grid-column grid-lg-4 grid-md-4 grid-12\"><div class=\"gutentor-single-item gutentor-icon gutentor-single-item-1\"><div class=\"gutentor-single-item-wrap\"><div class=\"gutentor-single-item-icon-box\"><i class=\"fas fa-mobile-alt\"><\/i><\/div><div class=\"gutentor-single-item-content\"><h3 class=\"gutentor-single-item-title\">Contact Number<\/h3><p class=\"gutentor-single-item-desc\">Mobile<br>0731 065 207<\/p><\/div><\/div><\/div><\/div><div class=\"gutentor-grid-column grid-lg-4 grid-md-4 grid-12\"><div class=\"gutentor-single-item gutentor-icon gutentor-single-item-2\"><div class=\"gutentor-single-item-wrap\"><div class=\"gutentor-single-item-icon-box\"><i class=\"far fa-envelope\"><\/i><\/div><div class=\"gutentor-single-item-content\"><h3 class=\"gutentor-single-item-title\">Online Address<\/h3><p class=\"gutentor-single-item-desc\">E-mail<br>contact@contego.ro<\/p><\/div><\/div><\/div><\/div><\/div><\/div><\/section>\n\n\n\n<section id=\"section-c49c3929-a40c-4ccd-b698-a508e181ab6c\" class=\"wp-block-gutentor-call-to-action gutentor-section  gutentor-calltoaction call-to-action-template3 has-color-bg has-custom-bg\"><div class=\"grid-container\"><div class=\"gutentor-grid-item-wrap\"><div class=\"gutentor-single-item\"><div class=\"gutentor-single-item-content\"><h3 class=\"gutentor-single-item-title\">Oferim <br>consultan\u021b\u0103 de specialitate<\/h3><div class=\"gutentor-single-item-desc\"><p class=\"gutentor-single-item-desc\">CONTEGO este un business integrat care vine \u00een sprijinul clien\u021bilor <br>cu solu\u021bii complexe \u0219i abord\u0103ri flexibile  \u00een func\u021bie de bugetul disponibil. <br>Asigur\u0103m tot ce este necesar pe \u00eentreg parcursul derul\u0103rii proiectului, <br>din stadiul de idee p\u00e2n\u0103 la implementarea acestuia. <\/p><\/div><div class=\"gutentor-button-group\"><\/div><\/div><\/div><\/div><\/div><\/section>\n\n\n\n<section id=\"section-9e82dc19-0dad-4ad6-b453-44f92617ec10\" class=\"wp-block-gutentor-icon-box gutentor-section gutentor-icon-wrapper icon-template2\"><div class=\"grid-container\"><div class=\"grid-row gutentor-grid-item-wrap\"><div class=\"gutentor-grid-column grid-lg-3 grid-md-4 grid-12\"><div class=\"gutentor-single-item gutentor-icon gutentor-single-item-0\"><div class=\"gutentor-single-item-wrap\"><div class=\"gutentor-single-item-icon-box\"><i class=\"far fa-lightbulb\"><\/i><\/div><div class=\"gutentor-single-item-content\"><h3 class=\"gutentor-single-item-title\">Business &amp; Consultation<\/h3><\/div><\/div><\/div><\/div><div class=\"gutentor-grid-column grid-lg-3 grid-md-4 grid-12\"><div class=\"gutentor-single-item gutentor-icon gutentor-single-item-1\"><div class=\"gutentor-single-item-wrap\"><div class=\"gutentor-single-item-icon-box\"><i class=\"fas fa-chart-pie\"><\/i><\/div><div class=\"gutentor-single-item-content\"><h3 class=\"gutentor-single-item-title\">Risk Management<\/h3><\/div><\/div><\/div><\/div><div class=\"gutentor-grid-column grid-lg-3 grid-md-4 grid-12\"><div class=\"gutentor-single-item gutentor-icon gutentor-single-item-2\"><div class=\"gutentor-single-item-wrap\"><div class=\"gutentor-single-item-icon-box\"><i class=\"fas fa-chart-line\"><\/i><\/div><div class=\"gutentor-single-item-content\"><h3 class=\"gutentor-single-item-title\">Market Analysis<\/h3><\/div><\/div><\/div><\/div><div class=\"gutentor-grid-column grid-lg-3 grid-md-4 grid-12\"><div class=\"gutentor-single-item gutentor-icon gutentor-single-item-3\"><div class=\"gutentor-single-item-wrap\"><div class=\"gutentor-single-item-icon-box\"><i class=\"fas fa-money-bill-wave\"><\/i><\/div><div class=\"gutentor-single-item-content\"><h3 class=\"gutentor-single-item-title\">Investment Solutions<\/h3><\/div><\/div><\/div><\/div><\/div><\/div><\/section>\n","protected":false},"excerpt":{"rendered":"","protected":false},"author":1,"featured_media":0,"parent":0,"menu_order":0,"comment_status":"closed","ping_status":"closed","template":"template-gutentor-full-width.php","meta":{"footnotes":""},"class_list":["post-116","page","type-page","status-publish","hentry"],"_links":{"self":[{"href":"https:\/\/www.contego.ro\/index.php\/wp-json\/wp\/v2\/pages\/116","targetHints":{"allow":["GET"]}}],"collection":[{"href":"https:\/\/www.contego.ro\/index.php\/wp-json\/wp\/v2\/pages"}],"about":[{"href":"https:\/\/www.contego.ro\/index.php\/wp-json\/wp\/v2\/types\/page"}],"author":[{"embeddable":true,"href":"https:\/\/www.contego.ro\/index.php\/wp-json\/wp\/v2\/users\/1"}],"replies":[{"embeddable":true,"href":"https:\/\/www.contego.ro\/index.php\/wp-json\/wp\/v2\/comments?post=116"}],"version-history":[{"count":18,"href":"https:\/\/www.contego.ro\/index.php\/wp-json\/wp\/v2\/pages\/116\/revisions"}],"predecessor-version":[{"id":287,"href":"https:\/\/www.contego.ro\/index.php\/wp-json\/wp\/v2\/pages\/116\/revisions\/287"}],"wp:attachment":[{"href":"https:\/\/www.contego.ro\/index.php\/wp-json\/wp\/v2\/media?parent=116"}],"curies":[{"name":"wp","href":"https:\/\/api.w.org\/{rel}","templated":true}]}}