{"id":10,"date":"2024-12-21T17:04:26","date_gmt":"2024-12-21T17:04:26","guid":{"rendered":"https:\/\/www.contego.ro\/index.php\/home\/"},"modified":"2025-06-03T19:48:43","modified_gmt":"2025-06-03T19:48:43","slug":"home-3","status":"publish","type":"page","link":"https:\/\/www.contego.ro\/","title":{"rendered":"Home"},"content":{"rendered":"\n<div class=\"wp-block-group alignfull has-background-color has-white-color has-black-background-color has-text-color has-background has-link-color wp-elements-7b9398c39ff593e379dfee652f93e70f\" style=\"padding-top:var(--wp--preset--spacing--30);padding-right:var(--wp--preset--spacing--30);padding-bottom:var(--wp--preset--spacing--30);padding-left:var(--wp--preset--spacing--30)\"><div class=\"wp-block-group__inner-container is-layout-constrained wp-container-core-group-is-layout-97875daf wp-block-group-is-layout-constrained\">\n<div class=\"wp-block-group alignwide is-content-justification-space-between is-layout-flex wp-container-core-group-is-layout-256aec57 wp-block-group-is-layout-flex\">\n<div class=\"wp-block-group is-layout-flex wp-block-group-is-layout-flex\"><\/div>\n\n\n\n<div class=\"wp-block-group is-layout-flex wp-block-group-is-layout-flex\"><\/div>\n<\/div>\n<\/div><\/div>\n\n\n\n<section id=\"section-16e4c490-7220-46c1-8dca-c13d4ff00f3f\" class=\"wp-block-gutentor-image-slider gutentor-section gutentor-image-slider imageSlider-template1 gutentor-block-shape-bottom-bring-front\"><div class=\"gutentor-grid-item-wrap\"><div class=\"gutentor-slider-wrapper\" data-dots=\"false\" data-arrows=\"false\" data-infinite=\"false\" data-nextarrow=\"fas fa-angle-right\" data-prevarrow=\"fas fa-angle-left\" data-autoplay=\"false\" data-autoplayspeed=\"2000\" data-fade=\"false\" data-speed=\"2\"><div class=\"gutentor-slider-item\"><div class=\"gutentor-single-item gutentor-single-item-0\"><div class=\"gutentor-single-item-wrap\"><div class=\"gutentor-single-item-image-box\"><div class=\"gutentor-bg-image\"><\/div><\/div><div class=\"gutentor-single-item-content\"><div class=\"grid-container\"><div class=\"slider-caption text-right\"><h3 class=\"gutentor-single-item-title\">EXPLOREAZ\u0102<br>Lumea CONTEGO<\/h3><p class=\"gutentor-single-item-desc\">Ne plac provoc\u0103rile \u0219i suntem de fiecare dat\u0103 preg\u0103ti\u021bi <br>s\u0103 demonstr\u0103m  c\u0103 facem magie pentru orice tip de eveniment. <br>Organizezi sau participi la un congres, t\u00e2rg de specialitate,<br> expozi\u021bie sau conferin\u021b\u0103, la noi g\u0103se\u0219ti toat\u0103 logistica necesar\u0103.  <\/p><\/div><\/div><\/div><\/div><\/div><\/div><\/div><\/div><\/section>\n\n\n\n<section id=\"section-8a24f01f-b727-4d3f-8f4e-2f35c3186e0b\" class=\"wp-block-gutentor-icon-box gutentor-section gutentor-icon-wrapper icon-template2 has-color-bg has-custom-bg\"><div class=\"grid-container\"><div class=\"grid-row gutentor-grid-item-wrap\"><div class=\"gutentor-grid-column grid-lg-3 grid-md-4 grid-12\"><div class=\"gutentor-single-item gutentor-icon gutentor-single-item-0\"><div class=\"gutentor-single-item-wrap\"><div class=\"gutentor-single-item-icon-box\"><i class=\"fas fa-desktop\"><\/i><\/div><div class=\"gutentor-single-item-content\"><h3 class=\"gutentor-single-item-title\">Design personalizat <\/h3><p class=\"gutentor-single-item-desc\">Structurile modulare de la CONTEGO pot fi montate<br>  \u00eentr-un timp foarte scurt, \u00een diverse configura\u021bii, inclusiv la \u00een\u0103l\u021bimi de peste 3,5-5 m.<\/p><\/div><\/div><\/div><\/div><div class=\"gutentor-grid-column grid-lg-3 grid-md-4 grid-12\"><div class=\"gutentor-single-item gutentor-icon gutentor-single-item-1\"><div class=\"gutentor-single-item-wrap\"><div class=\"gutentor-single-item-icon-box\"><i class=\"fas fa-cogs\"><\/i><\/div><div class=\"gutentor-single-item-content\"><h3 class=\"gutentor-single-item-title\">Timp de montaj redus<\/h3><p class=\"gutentor-single-item-desc\">Fa\u021b\u0103 de varianta clasic\u0103 a unui stand, prin alegerea unei structuri modulare de la CONTEGO timpul de montaj este redus cu peste 70%.<\/p><\/div><\/div><\/div><\/div><div class=\"gutentor-grid-column grid-lg-3 grid-md-4 grid-12\"><div class=\"gutentor-single-item gutentor-icon gutentor-single-item-2\"><div class=\"gutentor-single-item-wrap\"><div class=\"gutentor-single-item-icon-box\"><i class=\"fas fa-balance-scale\"><\/i><\/div><div class=\"gutentor-single-item-content\"><h3 class=\"gutentor-single-item-title\">Flexibil \u0219i U\u0219or<\/h3><p class=\"gutentor-single-item-desc\">Fiecare structur\u0103 modular\u0103 de la CONTEGO vine cu un ghid de asamblare inclus, poate fi montat cu u\u0219urin\u021b\u0103 de o singur\u0103 persoan\u0103.<\/p><\/div><\/div><\/div><\/div><div class=\"gutentor-grid-column grid-lg-3 grid-md-4 grid-12\"><div class=\"gutentor-single-item gutentor-icon gutentor-single-item-3\"><div class=\"gutentor-single-item-wrap\"><div class=\"gutentor-single-item-icon-box\"><i class=\"fas fa-recycle\"><\/i><\/div><div class=\"gutentor-single-item-content\"><h3 class=\"gutentor-single-item-title\">Reutilizabil <\/h3><p class=\"gutentor-single-item-desc\">Structura modular\u0103 de la CONTEGO poate fi reutilizat\u0103, astfel devine cea mai eficient\u0103 solu\u021bie privind raportul calitate &#8211; pre\u021b.<\/p><\/div><\/div><\/div><\/div><\/div><\/div><\/section>\n\n\n\n<section id=\"section-c0d972f3-408b-4c76-9882-5c41e9ecfc5a\" class=\"wp-block-gutentor-call-to-action gutentor-section  gutentor-calltoaction call-to-action-template3 has-image-bg has-custom-bg has-gutentor-overlay\"><div class=\"grid-container\"><div class=\"gutentor-grid-item-wrap\"><div class=\"gutentor-single-item\"><div class=\"gutentor-single-item-content\"><h3 class=\"gutentor-single-item-title\"> Vrei s\u0103 realizezi un proiect?<\/h3><div class=\"gutentor-single-item-desc\"><p class=\"gutentor-single-item-desc\">\u00cencepe cu o idee \u0219i c\u00e2teva schi\u021be, mai departe construim noi pentru tine. <br>Suntem \u00een permanen\u021b\u0103 conecta\u021bi cu ultimele trenduri \u00een materie de <br>design, grafic\u0103 \u0219i produc\u021bie publicitar\u0103.<\/p><\/div><div class=\"gutentor-button-group\"><a class=\"gutentor-button gutentor-single-item-button gutentor-icon-hide\" href=\"https:\/\/www.contego.ro\/index.php\/contact\/\" rel=\"https:\/\/www.contego.ro\/index.php\/contact\/\"><i class=\"gutentor-button-icon fas fa-book\"><\/i><span>solicit\u0103 oferta CONTEGO<\/span><\/a><\/div><\/div><\/div><\/div><\/div><\/section>\n\n\n\n<section id=\"section-3300d219-a9d3-4772-9ad0-4cb084350500\" class=\"wp-block-gutentor-counter-box gutentor-section gutentor-counter-wrapper counter-template3 has-image-bg has-custom-bg\"><div class=\"grid-container\"><div class=\"grid-row gutentor-grid-item-wrap\"><div class=\"gutentor-grid-column grid-lg-3 grid-md-3 grid-12\"><div class=\"gutentor-single-item gutentor-counter gutentor-single-item-0\"><div class=\"gutentor-single-item-wrap\"><div class=\"gutentor-single-item-icon-box\"><i class=\"far fa-smile\"><\/i><\/div><div class=\"gutentor-single-item-content\"><p class=\"gutentor-single-item-number\" data-duration=\"2\" data-start=\"0\" data-end=\"33\"><\/p><h3 class=\"gutentor-single-item-title\"><br>Clien\u021aI MUL\u021aUMI\u021aI<\/h3><\/div><\/div><\/div><\/div><div class=\"gutentor-grid-column grid-lg-3 grid-md-3 grid-12\"><div class=\"gutentor-single-item gutentor-counter gutentor-single-item-1\"><div class=\"gutentor-single-item-wrap\"><div class=\"gutentor-single-item-icon-box\"><i class=\"far fa-thumbs-up\"><\/i><\/div><div class=\"gutentor-single-item-content\"><p class=\"gutentor-single-item-number\" data-duration=\"2\" data-start=\"0\" data-end=\"76\"><\/p><h3 class=\"gutentor-single-item-title\"><br>Proiecte FINALIZATE<\/h3><\/div><\/div><\/div><\/div><div class=\"gutentor-grid-column grid-lg-3 grid-md-3 grid-12\"><div class=\"gutentor-single-item gutentor-counter gutentor-single-item-2\"><div class=\"gutentor-single-item-wrap\"><div class=\"gutentor-single-item-icon-box\"><i class=\"fas fa-dna\"><\/i><\/div><div class=\"gutentor-single-item-content\"><p class=\"gutentor-single-item-number\" data-duration=\"2\" data-start=\"0\" data-end=\"189\"><\/p><h3 class=\"gutentor-single-item-title\"><br>EVENIMENTE MARCATE<\/h3><\/div><\/div><\/div><\/div><div class=\"gutentor-grid-column grid-lg-3 grid-md-3 grid-12\"><div class=\"gutentor-single-item gutentor-counter gutentor-single-item-3\"><div class=\"gutentor-single-item-wrap\"><div class=\"gutentor-single-item-icon-box\"><i class=\"fas fa-feather\"><\/i><\/div><div class=\"gutentor-single-item-content\"><p class=\"gutentor-single-item-number\" data-duration=\"2\" data-start=\"0\" data-end=\"1011\"><\/p><h3 class=\"gutentor-single-item-title\"><br>SCHI\u021aE \u0218I IDEI<\/h3><\/div><\/div><\/div><\/div><\/div><\/div><\/section>\n","protected":false},"excerpt":{"rendered":"","protected":false},"author":1,"featured_media":0,"parent":0,"menu_order":0,"comment_status":"closed","ping_status":"closed","template":"template-gutentor-full-width.php","meta":{"footnotes":""},"class_list":["post-10","page","type-page","status-publish","hentry"],"_links":{"self":[{"href":"https:\/\/www.contego.ro\/index.php\/wp-json\/wp\/v2\/pages\/10","targetHints":{"allow":["GET"]}}],"collection":[{"href":"https:\/\/www.contego.ro\/index.php\/wp-json\/wp\/v2\/pages"}],"about":[{"href":"https:\/\/www.contego.ro\/index.php\/wp-json\/wp\/v2\/types\/page"}],"author":[{"embeddable":true,"href":"https:\/\/www.contego.ro\/index.php\/wp-json\/wp\/v2\/users\/1"}],"replies":[{"embeddable":true,"href":"https:\/\/www.contego.ro\/index.php\/wp-json\/wp\/v2\/comments?post=10"}],"version-history":[{"count":78,"href":"https:\/\/www.contego.ro\/index.php\/wp-json\/wp\/v2\/pages\/10\/revisions"}],"predecessor-version":[{"id":302,"href":"https:\/\/www.contego.ro\/index.php\/wp-json\/wp\/v2\/pages\/10\/revisions\/302"}],"wp:attachment":[{"href":"https:\/\/www.contego.ro\/index.php\/wp-json\/wp\/v2\/media?parent=10"}],"curies":[{"name":"wp","href":"https:\/\/api.w.org\/{rel}","templated":true}]}}